{"id":14,"date":"2024-11-18T18:45:10","date_gmt":"2024-11-18T18:45:10","guid":{"rendered":"https:\/\/adente.fi\/?page_id=14"},"modified":"2026-01-14T08:25:32","modified_gmt":"2026-01-14T08:25:32","slug":"kontakta-oss","status":"publish","type":"page","link":"https:\/\/adente.fi\/?page_id=14&lang=sv","title":{"rendered":"Kontakta oss"},"content":{"rendered":"\n<p>Du \u00e4r v\u00e4lkommen att ta kontakt med oss via telefon eller e-post, och du f\u00e5r g\u00e4rna personligen komma in till v\u00e5r mottagning, vi finns p\u00e5 3:e v\u00e5ningen i Posthuset, p\u00e5 Hovr\u00e4ttsesplanaden 23A.&nbsp;H\u00e4r finns vi!<br><br><iframe src=\"https:\/\/www.google.com\/maps\/embed?pb=!1m18!1m12!1m3!1d1805.2885602872634!2d21.6175771132601!3d63.09748360381644!2m3!1f0!2f0!3f0!3m2!1i1024!2i768!4f13.1!3m3!1m2!1s0x467d6044605d8baf%3A0xd7fb971842da9b77!2sHovioikeudenpuistikko%2023%2C%2065100%20Vaasa!5e0!3m2!1sen!2sfi!4v1768372240482!5m2!1sen!2sfi\" width=\"600\" height=\"450\" style=\"border:0;\" allowfullscreen=\"\" loading=\"lazy\" referrerpolicy=\"no-referrer-when-downgrade\"><\/iframe><br><br>Normalt har vi \u00f6ppet under vardagar, m\u00e5ndag &#8211; torsdag 8-16, fredag 8-13.<br><br>Telefon:&nbsp;06-312 4200<br>E-post:&nbsp;info@adente.fi<br><br>Postadress: Hovr\u00e4ttsesplanaden 23A 3:e v\u00e5n., 65100 Vasa<\/p>\n\n\n\n<div class=\"wp-block-buttons is-layout-flex wp-block-buttons-is-layout-flex\">\n<div class=\"wp-block-button\"><a class=\"wp-block-button__link has-background wp-element-button\" href=\"https:\/\/adente.fi\/?page_id=3&amp;lang=sv\" style=\"border-radius:10px;background-color:#cc2269\">BEHANDLING AV PERSONUPPGIFTER<\/a><\/div>\n<\/div>\n\n\n\n<p><\/p>\n","protected":false},"excerpt":{"rendered":"<p>Du \u00e4r v\u00e4lkommen att ta kontakt med oss via telefon eller e-post, och du f\u00e5r g\u00e4rna personligen komma in till v\u00e5r mottagning, vi finns p\u00e5 3:e v\u00e5ningen i Posthuset, p\u00e5 Hovr\u00e4ttsesplanaden 23A.&nbsp;H\u00e4r finns vi! Normalt har vi \u00f6ppet under vardagar, m\u00e5ndag &#8211; torsdag 8-16, fredag 8-13. Telefon:&nbsp;06-312 4200E-post:&nbsp;info@adente.fi Postadress: Hovr\u00e4ttsesplanaden 23A 3:e v\u00e5n., 65100 Vasa<\/p>\n","protected":false},"author":1,"featured_media":0,"parent":0,"menu_order":0,"comment_status":"closed","ping_status":"closed","template":"","meta":{"footnotes":""},"class_list":["post-14","page","type-page","status-publish","hentry","post"],"_links":{"self":[{"href":"https:\/\/adente.fi\/index.php?rest_route=\/wp\/v2\/pages\/14","targetHints":{"allow":["GET"]}}],"collection":[{"href":"https:\/\/adente.fi\/index.php?rest_route=\/wp\/v2\/pages"}],"about":[{"href":"https:\/\/adente.fi\/index.php?rest_route=\/wp\/v2\/types\/page"}],"author":[{"embeddable":true,"href":"https:\/\/adente.fi\/index.php?rest_route=\/wp\/v2\/users\/1"}],"replies":[{"embeddable":true,"href":"https:\/\/adente.fi\/index.php?rest_route=%2Fwp%2Fv2%2Fcomments&post=14"}],"version-history":[{"count":15,"href":"https:\/\/adente.fi\/index.php?rest_route=\/wp\/v2\/pages\/14\/revisions"}],"predecessor-version":[{"id":638,"href":"https:\/\/adente.fi\/index.php?rest_route=\/wp\/v2\/pages\/14\/revisions\/638"}],"wp:attachment":[{"href":"https:\/\/adente.fi\/index.php?rest_route=%2Fwp%2Fv2%2Fmedia&parent=14"}],"curies":[{"name":"wp","href":"https:\/\/api.w.org\/{rel}","templated":true}]}}