{"id":164,"date":"2024-11-23T17:08:38","date_gmt":"2024-11-23T17:08:38","guid":{"rendered":"https:\/\/adente.fi\/?page_id=164"},"modified":"2026-01-19T13:08:28","modified_gmt":"2026-01-19T13:08:28","slug":"adente_fi","status":"publish","type":"page","link":"https:\/\/adente.fi\/","title":{"rendered":"Adente"},"content":{"rendered":"\n<p class=\"has-text-color has-link-color has-medium-font-size wp-elements-e327df0c1c781adb0c50bf5c9a407a99\" style=\"color:#cc2269\"><\/p>\n\n\n\n<div style=\"height:30px\" aria-hidden=\"true\" class=\"wp-block-spacer\"><\/div>\n\n\n\n<div class=\"wp-block-group alignfull\" style=\"margin-top:0;margin-bottom:0;padding-top:var(--wp--preset--spacing--50);padding-bottom:var(--wp--preset--spacing--50)\"><div class=\"wp-block-group__inner-container is-layout-constrained wp-block-group-is-layout-constrained\">\n<div class=\"wp-block-columns alignwide is-layout-flex wp-container-core-columns-is-layout-9d6595d7 wp-block-columns-is-layout-flex\">\n<div class=\"wp-block-column is-layout-flow wp-block-column-is-layout-flow\" style=\"flex-basis:100%\">\n<div class=\"wp-block-group\"><div class=\"wp-block-group__inner-container is-layout-constrained wp-block-group-is-layout-constrained\">\n<div class=\"wp-block-cover\"><img loading=\"lazy\" decoding=\"async\" width=\"1680\" height=\"1000\" class=\"wp-block-cover__image-background wp-image-302\" alt=\"\" src=\"https:\/\/adente.fi\/wp-content\/uploads\/2024\/11\/adente-bg-top.jpg\" style=\"object-position:50% 52%\" data-object-fit=\"cover\" data-object-position=\"50% 52%\" srcset=\"https:\/\/adente.fi\/wp-content\/uploads\/2024\/11\/adente-bg-top.jpg 1680w, https:\/\/adente.fi\/wp-content\/uploads\/2024\/11\/adente-bg-top-300x179.jpg 300w, https:\/\/adente.fi\/wp-content\/uploads\/2024\/11\/adente-bg-top-1024x610.jpg 1024w, https:\/\/adente.fi\/wp-content\/uploads\/2024\/11\/adente-bg-top-768x457.jpg 768w, https:\/\/adente.fi\/wp-content\/uploads\/2024\/11\/adente-bg-top-1536x914.jpg 1536w\" sizes=\"auto, (max-width: 1680px) 100vw, 1680px\" \/><span aria-hidden=\"true\" class=\"wp-block-cover__background has-background-dim\" style=\"background-color:#837c71\"><\/span><div class=\"wp-block-cover__inner-container is-layout-flow wp-block-cover-is-layout-flow\">\n<p class=\"has-text-align-center has-large-font-size\"><br>Hammashoitola Vaasassa, miss\u00e4 potilas keskipisteen\u00e4<\/p>\n<\/div><\/div>\n\n\n\n<div style=\"height:10px\" aria-hidden=\"true\" class=\"wp-block-spacer\"><\/div>\n\n\n<ul style=\"color:#cc2269;\" class=\"wp-block-latest-posts__list has-link-color wp-elements-77aa1ba77b8d575f0e4c353ebc253861 wp-block-latest-posts has-text-color\"><\/ul>\n\n\n<div class=\"wp-block-columns has-background is-layout-flex wp-container-core-columns-is-layout-9d6595d7 wp-block-columns-is-layout-flex\" style=\"background-color:#cc2269\">\n<div class=\"wp-block-column is-layout-flow wp-block-column-is-layout-flow\">\n<p class=\"has-text-align-center has-white-color has-text-color has-link-color has-medium-font-size wp-elements-a7084e49aab1b8e08a26121924bedf18\">E-PASSI JA EDENRED MEILL\u00c4!<\/p>\n<\/div>\n\n\n\n<div class=\"wp-block-column is-layout-flow wp-block-column-is-layout-flow\">\n<div class=\"wp-block-buttons is-layout-flex wp-block-buttons-is-layout-flex\">\n<div class=\"wp-block-button\"><a class=\"wp-block-button__link has-white-color has-text-color has-background has-link-color wp-element-button\" href=\"https:\/\/adente.fi\/?page_id=255\" style=\"border-radius:5px;background-color:#881647\">Lue lis\u00e4\u00e4 &#8230;<\/a><\/div>\n<\/div>\n<\/div>\n<\/div>\n\n\n\n<div class=\"wp-block-buttons is-layout-flex wp-block-buttons-is-layout-flex\"><\/div>\n<\/div><\/div>\n<\/div>\n<\/div>\n\n\n\n<div class=\"wp-block-media-text has-media-on-the-right is-stacked-on-mobile\"><div class=\"wp-block-media-text__content\">\n<h2 class=\"wp-block-heading has-text-color has-link-color wp-elements-8abef53cac0e620c4aad3017397b0438\" style=\"color:#cc2269\"><br>Potilaat keskipisteen\u00e4 viihtyis\u00e4ss\u00e4 ymp\u00e4rist\u00f6ss\u00e4<\/h2>\n\n\n\n<p class=\"has-black-color has-text-color\">Meill\u00e4 saat henkil\u00f6kohtaisen ja p\u00e4tev\u00e4n hammashoidon keskustassa sijaitsevissa tiloissa osoitteessa Hovioikeudenpuistikko 23A 3. krs (postitalo). Vastaanotollemme on helppo p\u00e4\u00e4sy my\u00f6s liikuntarajoitteisille ja py\u00f6r\u00e4tuolia k\u00e4ytt\u00e4ville: hissi sijaitsee maan tasalla ja parkkipaikkojen l\u00e4heisyydess\u00e4.<br>Me Adentella tarjoamme potilaillemme modernin ja kokonaisvaltaisen hammashoidon aina saman katon alla luotettavan ja asiantuntevan henkil\u00f6kunnan toimesta.<\/p>\n\n\n\n<p class=\"has-text-color has-link-color has-large-font-size wp-elements-b5ceeecb59f27d60bc283c7f2b80bbe6\" style=\"color:#cc2269\"><strong><a href=\"https:\/\/adente.fi\/?page_id=147\" data-type=\"page\" data-id=\"147\">VARAA AIKA<\/a><\/strong><\/p>\n\n\n\n<p><\/p>\n<\/div><figure class=\"wp-block-media-text__media\"><img loading=\"lazy\" decoding=\"async\" width=\"600\" height=\"600\" src=\"https:\/\/adente.fi\/wp-content\/uploads\/2024\/11\/Adnet-bild_2.jpg\" alt=\"\" class=\"wp-image-91 size-full\" srcset=\"https:\/\/adente.fi\/wp-content\/uploads\/2024\/11\/Adnet-bild_2.jpg 600w, https:\/\/adente.fi\/wp-content\/uploads\/2024\/11\/Adnet-bild_2-300x300.jpg 300w, https:\/\/adente.fi\/wp-content\/uploads\/2024\/11\/Adnet-bild_2-150x150.jpg 150w, https:\/\/adente.fi\/wp-content\/uploads\/2024\/11\/Adnet-bild_2-500x500.jpg 500w\" sizes=\"auto, (max-width: 600px) 100vw, 600px\" \/><\/figure><\/div>\n<\/div><\/div>\n\n\n\n<div class=\"wp-block-cover is-light\"><img loading=\"lazy\" decoding=\"async\" width=\"1680\" height=\"800\" class=\"wp-block-cover__image-background wp-image-213\" alt=\"\" src=\"https:\/\/adente.fi\/wp-content\/uploads\/2024\/11\/adente-bg-treatments.jpg\" data-object-fit=\"cover\" srcset=\"https:\/\/adente.fi\/wp-content\/uploads\/2024\/11\/adente-bg-treatments.jpg 1680w, https:\/\/adente.fi\/wp-content\/uploads\/2024\/11\/adente-bg-treatments-300x143.jpg 300w, https:\/\/adente.fi\/wp-content\/uploads\/2024\/11\/adente-bg-treatments-1024x488.jpg 1024w, https:\/\/adente.fi\/wp-content\/uploads\/2024\/11\/adente-bg-treatments-768x366.jpg 768w, https:\/\/adente.fi\/wp-content\/uploads\/2024\/11\/adente-bg-treatments-1536x731.jpg 1536w\" sizes=\"auto, (max-width: 1680px) 100vw, 1680px\" \/><span aria-hidden=\"true\" class=\"wp-block-cover__background has-background-dim\" style=\"background-color:#cecbc2\"><\/span><div class=\"wp-block-cover__inner-container is-layout-flow wp-block-cover-is-layout-flow\">\n<p class=\"has-text-align-center has-text-color has-link-color has-medium-font-size wp-elements-c3d4e2946de694270dc6adfab9115092\" style=\"color:#cc2269\"><strong>Hoitomme<\/strong><\/p>\n\n\n\n<p class=\"has-text-align-center has-text-color has-link-color has-medium-font-size wp-elements-1e02aa8fa8207a9c52a4842890d52aae\" style=\"color:#cc2269\">Tarjoamme moderneja hoitoja perinteisen hammashoidon, leikkausten, implanttien ja kosmeettisen hammashoidon lomassa. Panostamme my\u00f6s ehk\u00e4iseviin hoitoihin, koska sill\u00e4 on suuri vaikutus hampaiden terveyteen pitk\u00e4ll\u00e4 t\u00e4ht\u00e4imell\u00e4.<\/p>\n\n\n\n<p class=\"has-text-align-center has-text-color has-link-color has-medium-font-size wp-elements-f6cfd95278c40e3d8b704fdf13a4911f\" style=\"color:#cc2269\"><a href=\"https:\/\/adente.fi\/?page_id=179\"><strong>Lue lis\u00e4\u00e4<\/strong><\/a><\/p>\n\n\n\n<p><\/p>\n<\/div><\/div>\n\n\n\n<div class=\"wp-block-columns has-background is-layout-flex wp-container-core-columns-is-layout-9d6595d7 wp-block-columns-is-layout-flex\" style=\"background-color:#cc2269\">\n<div class=\"wp-block-column is-layout-flow wp-block-column-is-layout-flow\" style=\"flex-basis:25%\">\n<figure class=\"wp-block-image size-full\"><img loading=\"lazy\" decoding=\"async\" width=\"500\" height=\"600\" src=\"https:\/\/adente.fi\/wp-content\/uploads\/2024\/11\/Annika-K.jpg\" alt=\"\" class=\"wp-image-30\" srcset=\"https:\/\/adente.fi\/wp-content\/uploads\/2024\/11\/Annika-K.jpg 500w, https:\/\/adente.fi\/wp-content\/uploads\/2024\/11\/Annika-K-250x300.jpg 250w\" sizes=\"auto, (max-width: 500px) 100vw, 500px\" \/><\/figure>\n<\/div>\n\n\n\n<div class=\"wp-block-column is-layout-flow wp-block-column-is-layout-flow\" style=\"flex-basis:25%\">\n<figure class=\"wp-block-image size-full\"><img loading=\"lazy\" decoding=\"async\" width=\"500\" height=\"600\" src=\"https:\/\/adente.fi\/wp-content\/uploads\/2024\/11\/Ulla.jpg\" alt=\"\" class=\"wp-image-26\" srcset=\"https:\/\/adente.fi\/wp-content\/uploads\/2024\/11\/Ulla.jpg 500w, https:\/\/adente.fi\/wp-content\/uploads\/2024\/11\/Ulla-250x300.jpg 250w\" sizes=\"auto, (max-width: 500px) 100vw, 500px\" \/><\/figure>\n<\/div>\n\n\n\n<div class=\"wp-block-column is-layout-flow wp-block-column-is-layout-flow\" style=\"flex-basis:25%\">\n<figure class=\"wp-block-image size-full\"><img loading=\"lazy\" decoding=\"async\" width=\"500\" height=\"600\" src=\"https:\/\/adente.fi\/wp-content\/uploads\/2024\/11\/Petra-H.jpg\" alt=\"\" class=\"wp-image-28\" srcset=\"https:\/\/adente.fi\/wp-content\/uploads\/2024\/11\/Petra-H.jpg 500w, https:\/\/adente.fi\/wp-content\/uploads\/2024\/11\/Petra-H-250x300.jpg 250w\" sizes=\"auto, (max-width: 500px) 100vw, 500px\" \/><\/figure>\n<\/div>\n\n\n\n<div class=\"wp-block-column is-vertically-aligned-top is-layout-flow wp-block-column-is-layout-flow\" style=\"flex-basis:25%\">\n<figure class=\"wp-block-image size-full\"><img loading=\"lazy\" decoding=\"async\" width=\"389\" height=\"466\" src=\"https:\/\/adente.fi\/wp-content\/uploads\/2024\/11\/Lukas-e1768827732813.png\" alt=\"\" class=\"wp-image-376\" srcset=\"https:\/\/adente.fi\/wp-content\/uploads\/2024\/11\/Lukas-e1768827732813.png 389w, https:\/\/adente.fi\/wp-content\/uploads\/2024\/11\/Lukas-e1768827732813-250x300.png 250w\" sizes=\"auto, (max-width: 389px) 100vw, 389px\" \/><\/figure>\n<\/div>\n<\/div>\n\n\n\n<p><\/p>\n","protected":false},"excerpt":{"rendered":"<p>E-PASSI JA EDENRED MEILL\u00c4! Potilaat keskipisteen\u00e4 viihtyis\u00e4ss\u00e4 ymp\u00e4rist\u00f6ss\u00e4 Meill\u00e4 saat henkil\u00f6kohtaisen ja p\u00e4tev\u00e4n hammashoidon keskustassa sijaitsevissa tiloissa osoitteessa Hovioikeudenpuistikko 23A 3. krs (postitalo). Vastaanotollemme on helppo p\u00e4\u00e4sy my\u00f6s liikuntarajoitteisille ja py\u00f6r\u00e4tuolia k\u00e4ytt\u00e4ville: hissi sijaitsee maan tasalla ja parkkipaikkojen l\u00e4heisyydess\u00e4.Me Adentella tarjoamme potilaillemme modernin ja kokonaisvaltaisen hammashoidon aina saman katon alla luotettavan ja asiantuntevan henkil\u00f6kunnan toimesta. [&hellip;]<\/p>\n","protected":false},"author":1,"featured_media":0,"parent":0,"menu_order":0,"comment_status":"closed","ping_status":"closed","template":"","meta":{"footnotes":""},"class_list":["post-164","page","type-page","status-publish","hentry","post"],"_links":{"self":[{"href":"https:\/\/adente.fi\/index.php?rest_route=\/wp\/v2\/pages\/164","targetHints":{"allow":["GET"]}}],"collection":[{"href":"https:\/\/adente.fi\/index.php?rest_route=\/wp\/v2\/pages"}],"about":[{"href":"https:\/\/adente.fi\/index.php?rest_route=\/wp\/v2\/types\/page"}],"author":[{"embeddable":true,"href":"https:\/\/adente.fi\/index.php?rest_route=\/wp\/v2\/users\/1"}],"replies":[{"embeddable":true,"href":"https:\/\/adente.fi\/index.php?rest_route=%2Fwp%2Fv2%2Fcomments&post=164"}],"version-history":[{"count":48,"href":"https:\/\/adente.fi\/index.php?rest_route=\/wp\/v2\/pages\/164\/revisions"}],"predecessor-version":[{"id":675,"href":"https:\/\/adente.fi\/index.php?rest_route=\/wp\/v2\/pages\/164\/revisions\/675"}],"wp:attachment":[{"href":"https:\/\/adente.fi\/index.php?rest_route=%2Fwp%2Fv2%2Fmedia&parent=164"}],"curies":[{"name":"wp","href":"https:\/\/api.w.org\/{rel}","templated":true}]}}