{"id":17,"date":"2024-11-18T18:46:30","date_gmt":"2024-11-18T18:46:30","guid":{"rendered":"https:\/\/adente.fi\/?page_id=17"},"modified":"2026-01-14T08:49:25","modified_gmt":"2026-01-14T08:49:25","slug":"behandlingar","status":"publish","type":"page","link":"https:\/\/adente.fi\/?page_id=17&lang=sv","title":{"rendered":"Behandlingar"},"content":{"rendered":"\n<p>Vi erbjuder moderna behandlingsmetoder inom traditionell tandv\u00e5rd, kirurgi, implantat och kosmetisk tandv\u00e5rd. Vi satsar \u00e4ven p\u00e5 f\u00f6rebyggande behandlingar eftersom det \u00e4r av stor vikt f\u00f6r en l\u00e5ngsiktigt god tandh\u00e4lsa.<br><br>Vid alla behandlingar ges alltid ett individuellt behandlingsf\u00f6rslag som vi g\u00e5r igenom tillsammans, och vid st\u00f6rre behandlingar ges \u00e4ven ett kostnadsf\u00f6rslag.<br><br>Vi har \u00e4ven m\u00f6jlighet att remittera till specialisttandl\u00e4kare vid behov.<br><br>Vi arbetar med att f\u00f6lja upp, f\u00f6rb\u00e4ttra v\u00e5ra kunskaper och utveckla v\u00e5ra tj\u00e4nster och rutiner f\u00f6r att s\u00e4kra en h\u00f6g kvalitet p\u00e5 v\u00e5r verksamhet.<br><br>Ett urval av de behandlingar vi erbjuder:<br><br>*V\u00e5rdbehovet best\u00e4ms genom unders\u00f6kning av mun, slemhinnor, k\u00e4kleder. F\u00f6rebyggande tandv\u00e5rd i form av instruktion i egenv\u00e5rd, puts av plack och tandsten, fluor vid behov. Plombering med moderna kompositer (vita plastmaterial), vi anv\u00e4nder inte amalgam.<br><br>*R\u00f6ntgenunders\u00f6kningar, sm\u00e5 vanliga tandr\u00f6ntgenbilder och st\u00f6rre bilder av hela k\u00e4karna och alla t\u00e4nder, s\u00e5 kallade panoramar\u00f6ntgenbilder. All r\u00f6ntgen \u00e4r digitaliserad.<br><br>*Behandling av tandlossning (parodontit) genom puts av illaluktande plack och tandsten som annars ger tandk\u00f6ttsinflammation och d\u00e4refter bryter ner k\u00e4kbenet. I grava fall kan kirurgi vara n\u00f6dv\u00e4ndigt. D\u00e4refter g\u00f6rs regelbunden uppf\u00f6ljning som \u00e4r beroende av sjukdomens sv\u00e5righetsgrad. Allt detta i samarbete med v\u00e5ra tandhygienister.<br><br>*Rotbehandling, avl\u00e4gsnande av inflammerad eller infekterad pulpa, dvs \u201dnerven\u201d i tanden, sker med moderna tekniker, bla anv\u00e4nds Wave One, en maskinell metod som f\u00f6rkortar behandlingstiden avsev\u00e4rt.<br><br>*Kirurgi s\u00e5 som vanliga tandutdragningar, operation av visdomst\u00e4nder, rotspetskirurgi, implantatkirurgi. Vi anv\u00e4nder det p\u00e5litliga och bepr\u00f6vade systemet ITI Straumann n\u00e4r det g\u00e4ller implantat.<br><br>*Bettfysiologisk behandling kan vara n\u00f6dv\u00e4ndigt vid tandgnissling, \u00f6mmande k\u00e4kleder eller tr\u00f6tta, sp\u00e4nda k\u00e4kmuskler. En individuellt framst\u00e4lld bettskena att ha p\u00e5 natten \u00e4r en av de vanligare behandlingarna, men ibland kr\u00e4vs \u00e4ven bettrehabilitering.<br><br>*Protetik, dvs l\u00f6stagbara proteser, fastsittande kronor och broar i porslin och\/eller guld. Porslinsfasader. Implantatprotetik, dvs \u201dtanddelen\u201d p\u00e5 den inopererade titanskruven.<br><br>*Estetik ligger oss varmt om hj\u00e4rtat, och mycket fina resultat kan f\u00e5s genom att byta gamla, missf\u00e4rgade plomber eller laserblekning (WHITEsmile) hos tandhygienist alternativt blekning med individuella skenor tillsammans med det v\u00e4l bepr\u00f6vade Opalescence, eller l\u00e5ta g\u00f6ra porslinsfasader\/-kronor som framst\u00e4lls i samarbete med v\u00e5ra erfarna tandtekniker.<br><\/p>\n","protected":false},"excerpt":{"rendered":"<p>Vi erbjuder moderna behandlingsmetoder inom traditionell tandv\u00e5rd, kirurgi, implantat och kosmetisk tandv\u00e5rd. Vi satsar \u00e4ven p\u00e5 f\u00f6rebyggande behandlingar eftersom det \u00e4r av stor vikt f\u00f6r en l\u00e5ngsiktigt god tandh\u00e4lsa. Vid alla behandlingar ges alltid ett individuellt behandlingsf\u00f6rslag som vi g\u00e5r igenom tillsammans, och vid st\u00f6rre behandlingar ges \u00e4ven ett kostnadsf\u00f6rslag. Vi har \u00e4ven m\u00f6jlighet att [&hellip;]<\/p>\n","protected":false},"author":1,"featured_media":0,"parent":0,"menu_order":0,"comment_status":"closed","ping_status":"closed","template":"","meta":{"footnotes":""},"class_list":["post-17","page","type-page","status-publish","hentry","post"],"_links":{"self":[{"href":"https:\/\/adente.fi\/index.php?rest_route=\/wp\/v2\/pages\/17","targetHints":{"allow":["GET"]}}],"collection":[{"href":"https:\/\/adente.fi\/index.php?rest_route=\/wp\/v2\/pages"}],"about":[{"href":"https:\/\/adente.fi\/index.php?rest_route=\/wp\/v2\/types\/page"}],"author":[{"embeddable":true,"href":"https:\/\/adente.fi\/index.php?rest_route=\/wp\/v2\/users\/1"}],"replies":[{"embeddable":true,"href":"https:\/\/adente.fi\/index.php?rest_route=%2Fwp%2Fv2%2Fcomments&post=17"}],"version-history":[{"count":5,"href":"https:\/\/adente.fi\/index.php?rest_route=\/wp\/v2\/pages\/17\/revisions"}],"predecessor-version":[{"id":648,"href":"https:\/\/adente.fi\/index.php?rest_route=\/wp\/v2\/pages\/17\/revisions\/648"}],"wp:attachment":[{"href":"https:\/\/adente.fi\/index.php?rest_route=%2Fwp%2Fv2%2Fmedia&parent=17"}],"curies":[{"name":"wp","href":"https:\/\/api.w.org\/{rel}","templated":true}]}}