{"id":179,"date":"2024-11-23T17:32:12","date_gmt":"2024-11-23T17:32:12","guid":{"rendered":"https:\/\/adente.fi\/?page_id=179"},"modified":"2026-01-14T08:47:34","modified_gmt":"2026-01-14T08:47:34","slug":"hoidot","status":"publish","type":"page","link":"https:\/\/adente.fi\/?page_id=179","title":{"rendered":"Hoidot"},"content":{"rendered":"\n<p>Vastaanottomme tarjoaa hammashoitoa nykyaikaisin hoitomenetelmin esimerkiksi esteettisen hammashoidon, kirurgian ja hammasimplanttien osalta. Panostamme my\u00f6s ennaltaehk\u00e4isev\u00e4\u00e4n hammashoitoon, joka on eritt\u00e4in t\u00e4rke\u00e4\u00e4 hyv\u00e4n hammasterveyden yll\u00e4pidossa pitk\u00e4ll\u00e4 t\u00e4ht\u00e4imell\u00e4.<br><br>Annamme kaikista hoidoista henkil\u00f6kohtaisen hoitoehdotuksen, jonka hammasl\u00e4\u00e4k\u00e4ri k\u00e4y l\u00e4pi potilaansa kanssa. Isoimmista hoitotoimenpiteist\u00e4 annetaan my\u00f6s kustannusarvio.<br><br>Meilt\u00e4 voit my\u00f6s tarvittaessa saada l\u00e4hetteen erikoishammasl\u00e4\u00e4k\u00e4rille.<br><br>Tavoitteemme on tarjota korkealaatuista hammashoitoa ja pyrimme takaamaan korkean laadun jatkuvalla ammattitaidon yll\u00e4pidolla ja j\u00e4rjestelmiemme kehitt\u00e4misell\u00e4.<br><br>Vastaanottomme tarjoamat hoidot:<br><br>*Hoidontarve m\u00e4\u00e4ritet\u00e4\u00e4n tutkimalla suu, suun limakalvot ja leukanivelet. Ennaltaehk\u00e4isev\u00e4 hammashoito toteutetaan opastamalla asiakasta omahoidossa sek\u00e4 poistamalla plakkia ja hammaskive\u00e4. Tarvittaessa puhdistuksen lopuksi hampaat fluorataan. Hampaiden paikkaamisessa k\u00e4yt\u00e4mme vaaleaa yhdistelm\u00e4muovia.<br><br>*R\u00f6ntgenlaitteistoimme on digitaalinen. Hampaistosta voidaan ottaa pieni\u00e4 hammaskuvia ja koko hampaisto ja leuan alue saadaan n\u00e4kyviin suuremmalla OPTG-kuvalla.<br><br>*Ikenien kiinnityskudossairaus eli parodontiitti aiheuttaa ientulehdusta, joka vakavimmissa tapauksissa voi heikent\u00e4\u00e4 hampaan kiinnityskudoksia. Parodontiitin hoidossa on ensiarvoisen t\u00e4rke\u00e4\u00e4 poistaa plakki ja hammaskivipeitteet sek\u00e4 l\u00f6yt\u00e4\u00e4 sopivat omahoitov\u00e4lineet. Jos tavanomaisilla hoitomenetelmill\u00e4 ei p\u00e4\u00e4st\u00e4 hyviin tuloksiin, saattaa hammasl\u00e4\u00e4k\u00e4ri harkita kirurgiaa, jotta ien saataisiin terveeksi. Sairauden vaikeusaste m\u00e4\u00e4ritt\u00e4\u00e4 seurantav\u00e4lit jatkohoidon osalta.<br><br>*Juurihoito tarkoittaa m\u00e4rkiv\u00e4n ja tulehtuneen hampaan hermon (pulpan) poistamista. Hoito tehd\u00e4\u00e4n nykyaikaisin menetelmin esimerkiksi WaveOne-j\u00e4rjestelm\u00e4n avulla. Koneellinen juurihoito tekee hoidosta sujuvampaa sek\u00e4 joutuisampaa.<br><br>*Hammaskirurgian alueeseen kuuluvat tavanomaiset hampaan poistot, viisaudenhampaiden leikkaukselliset poistot, juurenk\u00e4rkikirurgia ja implanttikirurgia. Implanttihoidoissa\u00a0k\u00e4yt\u00e4mme luotettavaa ja hyv\u00e4ksi koettua Straumann ITI-j\u00e4rjestelm\u00e4\u00e4.<br><br>*Purentafysiologinen hoito voi olla tarpeen, kun kyseess\u00e4 on hampaiden narskuttaminen, jomottavat leukanivelet tai v\u00e4syneet leuan lihakset. Hoitona voidaan k\u00e4ytt\u00e4\u00e4 yksil\u00f6llisesti valmistettua purentakiskoa, jota k\u00e4ytet\u00e4\u00e4n y\u00f6aikaan. Hoitoa t\u00e4ydent\u00e4\u00e4 puremalihasten kuntoutus hieronnan ja jumpan avulla.<br><br>*Proteettisen hoitoon liittyy olenaisesti mm. kiinnitetyt posliiniset\/kultaiset kruunut, estetiikkaa parantavat posliinikuoret, irrotettavat hammasproteesit sek\u00e4 viereisiin hampaisiin tuetut sillat. Implanttiprotetiikka taas sis\u00e4lt\u00e4\u00e4 titaaniruuvin p\u00e4\u00e4lle kiinnitett\u00e4v\u00e4n hampaan kruunun.<br><br>*Estetiikka on meille syd\u00e4men asia ja hyv\u00e4\u00e4n tulokseen p\u00e4\u00e4st\u00e4\u00e4n vaihtamalla esimerkiksi vanhat huonov\u00e4riset paikat uusiin, valkaisemalla l\u00e4\u00e4kinn\u00e4llisell\u00e4 laserilla, valkaisemalla henkil\u00f6kohtaisilla valkaisukiskoilla yhdess\u00e4 hyv\u00e4ksi koetun Opalescencen kanssa tai teett\u00e4m\u00e4ll\u00e4 posliinikuoria\/-kruunuja joita tehd\u00e4\u00e4n yhteisty\u00f6ss\u00e4 kokeneiden hammasteknikkojemme kanssa. Vastaanottovalkaisu tehd\u00e4\u00e4n tehokkaalla ja hell\u00e4varaisella WHITEsmile -aineella sek\u00e4 l\u00e4\u00e4kinn\u00e4llisen laserlampun avulla.<br>\u00a0<\/p>\n","protected":false},"excerpt":{"rendered":"<p>Vastaanottomme tarjoaa hammashoitoa nykyaikaisin hoitomenetelmin esimerkiksi esteettisen hammashoidon, kirurgian ja hammasimplanttien osalta. Panostamme my\u00f6s ennaltaehk\u00e4isev\u00e4\u00e4n hammashoitoon, joka on eritt\u00e4in t\u00e4rke\u00e4\u00e4 hyv\u00e4n hammasterveyden yll\u00e4pidossa pitk\u00e4ll\u00e4 t\u00e4ht\u00e4imell\u00e4. Annamme kaikista hoidoista henkil\u00f6kohtaisen hoitoehdotuksen, jonka hammasl\u00e4\u00e4k\u00e4ri k\u00e4y l\u00e4pi potilaansa kanssa. Isoimmista hoitotoimenpiteist\u00e4 annetaan my\u00f6s kustannusarvio. Meilt\u00e4 voit my\u00f6s tarvittaessa saada l\u00e4hetteen erikoishammasl\u00e4\u00e4k\u00e4rille. Tavoitteemme on tarjota korkealaatuista hammashoitoa ja pyrimme [&hellip;]<\/p>\n","protected":false},"author":1,"featured_media":0,"parent":0,"menu_order":0,"comment_status":"closed","ping_status":"closed","template":"","meta":{"footnotes":""},"class_list":["post-179","page","type-page","status-publish","hentry","post"],"_links":{"self":[{"href":"https:\/\/adente.fi\/index.php?rest_route=\/wp\/v2\/pages\/179","targetHints":{"allow":["GET"]}}],"collection":[{"href":"https:\/\/adente.fi\/index.php?rest_route=\/wp\/v2\/pages"}],"about":[{"href":"https:\/\/adente.fi\/index.php?rest_route=\/wp\/v2\/types\/page"}],"author":[{"embeddable":true,"href":"https:\/\/adente.fi\/index.php?rest_route=\/wp\/v2\/users\/1"}],"replies":[{"embeddable":true,"href":"https:\/\/adente.fi\/index.php?rest_route=%2Fwp%2Fv2%2Fcomments&post=179"}],"version-history":[{"count":3,"href":"https:\/\/adente.fi\/index.php?rest_route=\/wp\/v2\/pages\/179\/revisions"}],"predecessor-version":[{"id":646,"href":"https:\/\/adente.fi\/index.php?rest_route=\/wp\/v2\/pages\/179\/revisions\/646"}],"wp:attachment":[{"href":"https:\/\/adente.fi\/index.php?rest_route=%2Fwp%2Fv2%2Fmedia&parent=179"}],"curies":[{"name":"wp","href":"https:\/\/api.w.org\/{rel}","templated":true}]}}