{"id":183,"date":"2024-11-23T17:36:23","date_gmt":"2024-11-23T17:36:23","guid":{"rendered":"https:\/\/adente.fi\/?page_id=183"},"modified":"2026-01-14T08:20:30","modified_gmt":"2026-01-14T08:20:30","slug":"ota-yhteytta","status":"publish","type":"page","link":"https:\/\/adente.fi\/?page_id=183","title":{"rendered":"Ota yhteytt\u00e4"},"content":{"rendered":"\n<p>Iloitsemme yhteydenotostasi puhelinsoitolla tai meilaamalla ja voit toki tulla meille k\u00e4ym\u00e4\u00e4n osoitteessa Hovioikeudenpuistikko 23 A, postitalon 3. kerros. T\u00e4ss\u00e4 olemme!<br><br><iframe src=\"https:\/\/www.google.com\/maps\/embed?pb=!1m18!1m12!1m3!1d1805.2885602872634!2d21.6175771132601!3d63.09748360381644!2m3!1f0!2f0!3f0!3m2!1i1024!2i768!4f13.1!3m3!1m2!1s0x467d6044605d8baf%3A0xd7fb971842da9b77!2sHovioikeudenpuistikko%2023%2C%2065100%20Vaasa!5e0!3m2!1sen!2sfi!4v1768372240482!5m2!1sen!2sfi\" width=\"600\" height=\"450\" style=\"border:0;\" allowfullscreen=\"\" loading=\"lazy\" referrerpolicy=\"no-referrer-when-downgrade\"><\/iframe><br><br>Aukioloajat arkisin, maanantaista torstaihin klo 8-16, perjantaisin 8-13.<br>Puhelin: 06-312 4200<br>S\u00e4hk\u00f6posti: info@adente.fi<br><br>Postiosoite: Hovioikeudenpuistikko 23 A, 3. krs, 65100 Vaasa<br><\/p>\n\n\n\n<div class=\"wp-block-buttons is-layout-flex wp-block-buttons-is-layout-flex\">\n<div class=\"wp-block-button\"><a class=\"wp-block-button__link has-white-color has-text-color has-background has-link-color wp-element-button\" href=\"https:\/\/adente.fi\/?page_id=289\" style=\"border-radius:10px;background-color:#cc2269\">Henkil\u00f6tietojen k\u00e4sittely<\/a><\/div>\n<\/div>\n\n\n\n<p><\/p>\n","protected":false},"excerpt":{"rendered":"<p>Iloitsemme yhteydenotostasi puhelinsoitolla tai meilaamalla ja voit toki tulla meille k\u00e4ym\u00e4\u00e4n osoitteessa Hovioikeudenpuistikko 23 A, postitalon 3. kerros. T\u00e4ss\u00e4 olemme! Aukioloajat arkisin, maanantaista torstaihin klo 8-16, perjantaisin 8-13.Puhelin: 06-312 4200S\u00e4hk\u00f6posti: info@adente.fi Postiosoite: Hovioikeudenpuistikko 23 A, 3. krs, 65100 Vaasa<\/p>\n","protected":false},"author":1,"featured_media":0,"parent":0,"menu_order":0,"comment_status":"closed","ping_status":"closed","template":"","meta":{"footnotes":""},"class_list":["post-183","page","type-page","status-publish","hentry","post"],"_links":{"self":[{"href":"https:\/\/adente.fi\/index.php?rest_route=\/wp\/v2\/pages\/183","targetHints":{"allow":["GET"]}}],"collection":[{"href":"https:\/\/adente.fi\/index.php?rest_route=\/wp\/v2\/pages"}],"about":[{"href":"https:\/\/adente.fi\/index.php?rest_route=\/wp\/v2\/types\/page"}],"author":[{"embeddable":true,"href":"https:\/\/adente.fi\/index.php?rest_route=\/wp\/v2\/users\/1"}],"replies":[{"embeddable":true,"href":"https:\/\/adente.fi\/index.php?rest_route=%2Fwp%2Fv2%2Fcomments&post=183"}],"version-history":[{"count":10,"href":"https:\/\/adente.fi\/index.php?rest_route=\/wp\/v2\/pages\/183\/revisions"}],"predecessor-version":[{"id":637,"href":"https:\/\/adente.fi\/index.php?rest_route=\/wp\/v2\/pages\/183\/revisions\/637"}],"wp:attachment":[{"href":"https:\/\/adente.fi\/index.php?rest_route=%2Fwp%2Fv2%2Fmedia&parent=183"}],"curies":[{"name":"wp","href":"https:\/\/api.w.org\/{rel}","templated":true}]}}