{"id":255,"date":"2024-11-24T18:32:18","date_gmt":"2024-11-24T18:32:18","guid":{"rendered":"https:\/\/adente.fi\/?page_id=255"},"modified":"2026-01-14T08:33:35","modified_gmt":"2026-01-14T08:33:35","slug":"e-passi-ja-edenred-meilla","status":"publish","type":"page","link":"https:\/\/adente.fi\/?page_id=255","title":{"rendered":"E-passi ja Edenred meill\u00e4!"},"content":{"rendered":"\n<p>Nyt meill\u00e4 on mahdollisuus maksaa my\u00f6s E-passilla ja Edenredill\u00e4.<\/p>\n\n\n\n<p>Tervetuloa!<\/p>\n","protected":false},"excerpt":{"rendered":"<p>Nyt meill\u00e4 on mahdollisuus maksaa my\u00f6s E-passilla ja Edenredill\u00e4. Tervetuloa!<\/p>\n","protected":false},"author":1,"featured_media":0,"parent":0,"menu_order":0,"comment_status":"closed","ping_status":"closed","template":"","meta":{"footnotes":""},"class_list":["post-255","page","type-page","status-publish","hentry","post"],"_links":{"self":[{"href":"https:\/\/adente.fi\/index.php?rest_route=\/wp\/v2\/pages\/255","targetHints":{"allow":["GET"]}}],"collection":[{"href":"https:\/\/adente.fi\/index.php?rest_route=\/wp\/v2\/pages"}],"about":[{"href":"https:\/\/adente.fi\/index.php?rest_route=\/wp\/v2\/types\/page"}],"author":[{"embeddable":true,"href":"https:\/\/adente.fi\/index.php?rest_route=\/wp\/v2\/users\/1"}],"replies":[{"embeddable":true,"href":"https:\/\/adente.fi\/index.php?rest_route=%2Fwp%2Fv2%2Fcomments&post=255"}],"version-history":[{"count":3,"href":"https:\/\/adente.fi\/index.php?rest_route=\/wp\/v2\/pages\/255\/revisions"}],"predecessor-version":[{"id":642,"href":"https:\/\/adente.fi\/index.php?rest_route=\/wp\/v2\/pages\/255\/revisions\/642"}],"wp:attachment":[{"href":"https:\/\/adente.fi\/index.php?rest_route=%2Fwp%2Fv2%2Fmedia&parent=255"}],"curies":[{"name":"wp","href":"https:\/\/api.w.org\/{rel}","templated":true}]}}