{"id":3,"date":"2024-11-17T19:04:45","date_gmt":"2024-11-17T19:04:45","guid":{"rendered":"https:\/\/adente.fi\/?page_id=3"},"modified":"2024-11-23T16:56:25","modified_gmt":"2024-11-23T16:56:25","slug":"privacy-policy","status":"publish","type":"page","link":"https:\/\/adente.fi\/?page_id=3&lang=sv","title":{"rendered":"Behandling av personuppgifter"},"content":{"rendered":"\n<h2 class=\"wp-block-heading\">Dina personuppgifter registreras i ett register som uppr\u00e4tth\u00e5lls av Adente Tandl\u00e4karna.<\/h2>\n\n\n\n<p>Genom att du s\u00f6kt v\u00e5rd hos Adente Tandl\u00e4karna som patient godk\u00e4nner du att dina uppgifter registreras hos oss. Personuppgifterna \u00e4r konfidentiella och f\u00e5r \u00f6verl\u00e4mnas enbart enligt lag eller med ditt samtycke. Dina uppgifter anv\u00e4nds enbart i anslutning till din v\u00e5rd.<\/p>\n\n\n\n<p>Personuppgifterna beh\u00f6vs f\u00f6r att kunna ge en god, s\u00e4ker och trygg tandv\u00e5rd. Vi \u00e4r skyldiga att f\u00f6ra patientjournal f\u00f6r varje patient. Den inneh\u00e5ller personuppgifter, bakgrunden till v\u00e5rden, uppgift om st\u00e4lld diagnos, utf\u00f6rda och planerade \u00e5tg\u00e4rder och uppgift om n\u00e4r och vem som gjort anteckning i journalen.<\/p>\n\n\n\n<p>Som patient har du m\u00f6jlighet att boka tid via mail eller telefon och att f\u00e5 en regelbunden kallelse enligt \u00f6verenskommelse. F\u00f6r att kunna erbjuda dig denna tj\u00e4nst beh\u00f6ver vi ditt namn, adress, mailadress och tel.nummer. Dina personuppgifter \u00e4r n\u00f6dv\u00e4ndiga f\u00f6r att fullg\u00f6ra r\u00e4ttsliga f\u00f6rpliktelser som vi har i egenskap av v\u00e5rdgivare.<\/p>\n\n\n\n<p>Med en skriftlig beg\u00e4ran kan du ta del av dina registeruppgifter. Du har ocks\u00e5 r\u00e4tt att fordra att en felaktig uppgift i registret r\u00e4ttas.<\/p>\n\n\n\n<p><\/p>\n","protected":false},"excerpt":{"rendered":"<p>Dina personuppgifter registreras i ett register som uppr\u00e4tth\u00e5lls av Adente Tandl\u00e4karna. Genom att du s\u00f6kt v\u00e5rd hos Adente Tandl\u00e4karna som patient godk\u00e4nner du att dina uppgifter registreras hos oss. Personuppgifterna \u00e4r konfidentiella och f\u00e5r \u00f6verl\u00e4mnas enbart enligt lag eller med ditt samtycke. Dina uppgifter anv\u00e4nds enbart i anslutning till din v\u00e5rd. Personuppgifterna beh\u00f6vs f\u00f6r att [&hellip;]<\/p>\n","protected":false},"author":1,"featured_media":0,"parent":0,"menu_order":0,"comment_status":"closed","ping_status":"open","template":"","meta":{"footnotes":""},"class_list":["post-3","page","type-page","status-publish","hentry","post"],"_links":{"self":[{"href":"https:\/\/adente.fi\/index.php?rest_route=\/wp\/v2\/pages\/3","targetHints":{"allow":["GET"]}}],"collection":[{"href":"https:\/\/adente.fi\/index.php?rest_route=\/wp\/v2\/pages"}],"about":[{"href":"https:\/\/adente.fi\/index.php?rest_route=\/wp\/v2\/types\/page"}],"author":[{"embeddable":true,"href":"https:\/\/adente.fi\/index.php?rest_route=\/wp\/v2\/users\/1"}],"replies":[{"embeddable":true,"href":"https:\/\/adente.fi\/index.php?rest_route=%2Fwp%2Fv2%2Fcomments&post=3"}],"version-history":[{"count":2,"href":"https:\/\/adente.fi\/index.php?rest_route=\/wp\/v2\/pages\/3\/revisions"}],"predecessor-version":[{"id":156,"href":"https:\/\/adente.fi\/index.php?rest_route=\/wp\/v2\/pages\/3\/revisions\/156"}],"wp:attachment":[{"href":"https:\/\/adente.fi\/index.php?rest_route=%2Fwp%2Fv2%2Fmedia&parent=3"}],"curies":[{"name":"wp","href":"https:\/\/api.w.org\/{rel}","templated":true}]}}