{"id":568,"date":"2025-01-14T18:35:33","date_gmt":"2025-01-14T18:35:33","guid":{"rendered":"https:\/\/adente.fi\/?page_id=568"},"modified":"2026-01-14T08:16:11","modified_gmt":"2026-01-14T08:16:11","slug":"priser","status":"publish","type":"page","link":"https:\/\/adente.fi\/?page_id=568&lang=sv","title":{"rendered":"Priser"},"content":{"rendered":"\n<p>I prislistan anges priser f\u00f6r de vanligaste \u00e5tg\u00e4rderna samt den del som patienten betalar efter FPA-ers\u00e4ttningen.<br><br>F\u00f6r att f\u00e5 direkters\u00e4ttning fr\u00e5n FPA kr\u00e4vs en personlig r\u00e4tt till FPA-ers\u00e4ttning. FPA-kortet beh\u00f6ver inte l\u00e4ngre visas upp, eftersom uppgifterna h\u00e4mtas automatiskt fr\u00e5n PALSO-systemet.<br><br>Vid priss\u00e4ttningen beaktas \u00e5tg\u00e4rdens sv\u00e5righetsgrad samt bes\u00f6kets eller \u00e5tg\u00e4rdens varaktighet. En mer detaljerad kostnadsber\u00e4kning kan ges endast baserat p\u00e5 en unders\u00f6kning. Vi g\u00f6r keramiska inl\u00e4gg, kronor, implantatkronor, broar samt del- och helproteser. F\u00f6r dessa kr\u00e4vs en unders\u00f6kning av munnen och planering av tandprotetiskt arbete av den behandlande tandl\u00e4karen innan arbetet p\u00e5b\u00f6rjas. Baserat p\u00e5 detta g\u00f6r tandl\u00e4karen en kostnadsber\u00e4kning f\u00f6r v\u00e5rdhelheten.<br><br>* Fr\u00e5n 1 maj 2025 kan bes\u00f6k hos en munhygienist utan ordination (remiss) av en tandl\u00e4kare ers\u00e4ttas h\u00f6gst 2 g\u00e5nger per kalender\u00e5r. Ers\u00e4ttning f\u00f6r fler bes\u00f6k kan f\u00e5s med remiss av tandl\u00e4kare, detta f\u00f6ruts\u00e4tter en unders\u00f6kning och behandlingsplan gjord av tandl\u00e4kare.<br><br>Serviceavgift 8,00 \u20ac.<br><br>Vid f\u00f6rhinder ska tiden avbokas senast dagen innan. Vi f\u00f6rbeh\u00e5ller oss r\u00e4tten att fakturera f\u00f6r tider som avbokats senare eller inte avbokats alls.<\/p>\n\n\n\n<figure class=\"wp-block-table is-style-stripes\"><table><thead><tr><th>\u00c5tg\u00e4rder<\/th><th class=\"has-text-align-right\" data-align=\"right\">Pris(euro)<\/th><th class=\"has-text-align-right\" data-align=\"right\">Efter FPA-ers.<\/th><\/tr><\/thead><tbody><tr><td>Grundunders\u00f6kning (SAA02) (Fpa-ers\u00e4ttning endast varannat \u00e5r)<\/td><td class=\"has-text-align-right\" data-align=\"right\">72,00 <\/td><td class=\"has-text-align-right\" data-align=\"right\">42,00<\/td><\/tr><tr><td>Tandr\u00f6ntgen\/per bild<\/td><td class=\"has-text-align-right\" data-align=\"right\">32,00<\/td><td class=\"has-text-align-right\" data-align=\"right\">28,00<\/td><\/tr><tr><td>Tandr\u00f6ntgen, Bite-Wing\/per bild<\/td><td class=\"has-text-align-right\" data-align=\"right\">27,00<\/td><td class=\"has-text-align-right\" data-align=\"right\">24,00<\/td><\/tr><tr><td>Ortopantomografi av t\u00e4nder och k\u00e4kar<\/td><td class=\"has-text-align-right\" data-align=\"right\">119,00<\/td><td class=\"has-text-align-right\" data-align=\"right\">110,00<\/td><\/tr><tr><td>Behandling av tandk\u00f6ttssjukdom (SDA03)<\/td><td class=\"has-text-align-right\" data-align=\"right\">114,00 &#8211; 159,00<\/td><td class=\"has-text-align-right\" data-align=\"right\">101,00 -146,00<\/td><\/tr><tr><td>Behandling av tandk\u00f6ttssjukdom (SDA05)<\/td><td class=\"has-text-align-right\" data-align=\"right\">231,00 &#8211; 309,00<\/td><td class=\"has-text-align-right\" data-align=\"right\">208,00 &#8211; 286,00<\/td><\/tr><tr><td>Liten fyllning (SFA00)<\/td><td class=\"has-text-align-right\" data-align=\"right\">75,00<\/td><td class=\"has-text-align-right\" data-align=\"right\">66,00<\/td><\/tr><tr><td>Fyllning 1 yta (SFA10)<\/td><td class=\"has-text-align-right\" data-align=\"right\">90,00 &#8211; 108,00<\/td><td class=\"has-text-align-right\" data-align=\"right\">80,00 &#8211; 98,00<\/td><\/tr><tr><td>Fyllning 2 ytor (SFA20)<\/td><td class=\"has-text-align-right\" data-align=\"right\">168,00 &#8211; 177,00<\/td><td class=\"has-text-align-right\" data-align=\"right\">151,00 &#8211; 160,00<\/td><\/tr><tr><td>Fyllning 3 eller 4 ytor (SFA30)<\/td><td class=\"has-text-align-right\" data-align=\"right\">176,00 &#8211; 189,00<\/td><td class=\"has-text-align-right\" data-align=\"right\">157,00 &#8211; 170,00<\/td><\/tr><tr><td>Bed\u00f6vning<\/td><td class=\"has-text-align-right\" data-align=\"right\">32,00 &#8211; 36,00<\/td><td class=\"has-text-align-right\" data-align=\"right\">29,00 &#8211; 33<\/td><\/tr><tr><td>Tandutdragning (EBA00-EBA05)<\/td><td class=\"has-text-align-right\" data-align=\"right\">154,00 &#8211; 277,00<\/td><td class=\"has-text-align-right\" data-align=\"right\">144,00 &#8211; 267,00<\/td><\/tr><tr><td>Kirurgisk avl\u00e4gsnande av tand (EBA10)<\/td><td class=\"has-text-align-right\" data-align=\"right\">386,00<\/td><td class=\"has-text-align-right\" data-align=\"right\">344,00<\/td><\/tr><tr><td>Rotbehandling (SGA03)<\/td><td class=\"has-text-align-right\" data-align=\"right\">201,00<\/td><td class=\"has-text-align-right\" data-align=\"right\">188,00<\/td><\/tr><tr><td>Rotbehandling (SGA05)<\/td><td class=\"has-text-align-right\" data-align=\"right\">309,00<\/td><td class=\"has-text-align-right\" data-align=\"right\">286,00<\/td><\/tr><tr><td>Rotfyllning, tand med 1 kanal (SGB10)<\/td><td class=\"has-text-align-right\" data-align=\"right\">176,00<\/td><td class=\"has-text-align-right\" data-align=\"right\">170,00<\/td><\/tr><tr><td>Rotfyllning, tand med 2 kanaler (SGB20)<\/td><td class=\"has-text-align-right\" data-align=\"right\">201,00<\/td><td class=\"has-text-align-right\" data-align=\"right\">188,00<\/td><\/tr><tr><td>Annan kr\u00e4vande rotfyllning (SGB30)<\/td><td class=\"has-text-align-right\" data-align=\"right\">265,00 &#8211; 287,00<\/td><td class=\"has-text-align-right\" data-align=\"right\">246,00 &#8211; 268,00<\/td><\/tr><tr><td>Tillverkning och inprovning av bettskena (SHB00) <br>exkl. tandteknikers avgift (ca 210e)<\/td><td class=\"has-text-align-right\" data-align=\"right\">371,00<\/td><td class=\"has-text-align-right\" data-align=\"right\">350,00<\/td><\/tr><tr><td><br><strong>\u00c5tg\u00e4rder hos munhygienist<\/strong><\/td><td class=\"has-text-align-right\" data-align=\"right\"><\/td><td class=\"has-text-align-right\" data-align=\"right\"><\/td><\/tr><tr><td>Tandstensborttagning (inkl. sodaputs vid behov)*<\/td><td class=\"has-text-align-right\" data-align=\"right\">104,00 &#8211; 176,00<\/td><td class=\"has-text-align-right\" data-align=\"right\">91,00 &#8211; 153,00<\/td><\/tr><tr><td>Sodaputs<\/td><td class=\"has-text-align-right\" data-align=\"right\">fr\u00e5n 72,00<\/td><td class=\"has-text-align-right\" data-align=\"right\">fr\u00e5n 72,00<\/td><\/tr><tr><td>Blekning p\u00e5 mottagning<\/td><td class=\"has-text-align-right\" data-align=\"right\">364,00<\/td><td class=\"has-text-align-right\" data-align=\"right\">364,00<\/td><\/tr><tr><td>Hemblekning<\/td><td class=\"has-text-align-right\" data-align=\"right\">364,00<\/td><td class=\"has-text-align-right\" data-align=\"right\">364,00<\/td><\/tr><tr><td>Fasts\u00e4ttning av smycke (kundens eget smycke)<\/td><td class=\"has-text-align-right\" data-align=\"right\">72,00<\/td><td class=\"has-text-align-right\" data-align=\"right\">72,00<\/td><\/tr><\/tbody><\/table><\/figure>\n\n\n\n<p><\/p>\n","protected":false},"excerpt":{"rendered":"<p>I prislistan anges priser f\u00f6r de vanligaste \u00e5tg\u00e4rderna samt den del som patienten betalar efter FPA-ers\u00e4ttningen. F\u00f6r att f\u00e5 direkters\u00e4ttning fr\u00e5n FPA kr\u00e4vs en personlig r\u00e4tt till FPA-ers\u00e4ttning. FPA-kortet beh\u00f6ver inte l\u00e4ngre visas upp, eftersom uppgifterna h\u00e4mtas automatiskt fr\u00e5n PALSO-systemet. Vid priss\u00e4ttningen beaktas \u00e5tg\u00e4rdens sv\u00e5righetsgrad samt bes\u00f6kets eller \u00e5tg\u00e4rdens varaktighet. En mer detaljerad kostnadsber\u00e4kning kan [&hellip;]<\/p>\n","protected":false},"author":1,"featured_media":0,"parent":0,"menu_order":0,"comment_status":"closed","ping_status":"closed","template":"","meta":{"footnotes":""},"class_list":["post-568","page","type-page","status-publish","hentry","post"],"_links":{"self":[{"href":"https:\/\/adente.fi\/index.php?rest_route=\/wp\/v2\/pages\/568","targetHints":{"allow":["GET"]}}],"collection":[{"href":"https:\/\/adente.fi\/index.php?rest_route=\/wp\/v2\/pages"}],"about":[{"href":"https:\/\/adente.fi\/index.php?rest_route=\/wp\/v2\/types\/page"}],"author":[{"embeddable":true,"href":"https:\/\/adente.fi\/index.php?rest_route=\/wp\/v2\/users\/1"}],"replies":[{"embeddable":true,"href":"https:\/\/adente.fi\/index.php?rest_route=%2Fwp%2Fv2%2Fcomments&post=568"}],"version-history":[{"count":15,"href":"https:\/\/adente.fi\/index.php?rest_route=\/wp\/v2\/pages\/568\/revisions"}],"predecessor-version":[{"id":635,"href":"https:\/\/adente.fi\/index.php?rest_route=\/wp\/v2\/pages\/568\/revisions\/635"}],"wp:attachment":[{"href":"https:\/\/adente.fi\/index.php?rest_route=%2Fwp%2Fv2%2Fmedia&parent=568"}],"curies":[{"name":"wp","href":"https:\/\/api.w.org\/{rel}","templated":true}]}}