{"id":585,"date":"2025-01-14T18:45:30","date_gmt":"2025-01-14T18:45:30","guid":{"rendered":"https:\/\/adente.fi\/?page_id=585"},"modified":"2026-01-14T08:14:42","modified_gmt":"2026-01-14T08:14:42","slug":"hinnat","status":"publish","type":"page","link":"https:\/\/adente.fi\/?page_id=585","title":{"rendered":"Hinnat"},"content":{"rendered":"\n<p>Hinnastossa on esitetty hintoja yleisimmille toimenpiteille ja Kela-korvauksen j\u00e4lkeen potilaalle maksettavaksi j\u00e4\u00e4v\u00e4 omavastuuosuus. <br><br>Kelan suorakorvauksen saamisen edellytyksen\u00e4 on henkil\u00f6kohtainen oikeus Kela-korvaukseen. Kela-korttia ei tarvitse en\u00e4\u00e4 esitt\u00e4\u00e4, koska tiedot haetaan automaattisesti PALSO-j\u00e4rjestelm\u00e4st\u00e4.<br><br>Hinnan m\u00e4\u00e4rittelyss\u00e4 otetaan huomioon ty\u00f6n vaativuusaste, potilask\u00e4ynnin tai toimenpiteen kestoaika. Tarkempi kustannusarvio voidaan antaa vain tutkimuksen perusteella. Teemme keraamisia t\u00e4ytteit\u00e4, kruunuja, implanttikruunuja, siltoja sek\u00e4 osa- ja kokoproteeseja. N\u00e4iden osalta ty\u00f6n aloitus vaatii hoitavan hammasl\u00e4\u00e4k\u00e4rin tekem\u00e4n suun tutkimuksen ja hammasproteettisen ty\u00f6n suunnittelun. T\u00e4m\u00e4n perusteella hammasl\u00e4\u00e4k\u00e4ri tekee kustannusarvion hoitokokonaisuudesta.<br><br>* Hoitok\u00e4ynnit suuhygienistill\u00e4 voidaan korvata ilman hammasl\u00e4\u00e4k\u00e4rin m\u00e4\u00e4r\u00e4yst\u00e4 enint\u00e4\u00e4n 2 kertaa kalenterivuodessa. Korvausta useammista k\u00e4ynneist\u00e4 voidaan saada hammasl\u00e4\u00e4k\u00e4rin l\u00e4hetteell\u00e4. T\u00e4m\u00e4 edellytt\u00e4\u00e4 hammasl\u00e4\u00e4k\u00e4rin tekem\u00e4\u00e4 tutkimusta ja hoitosuunnitelmaa.<br><br>Palvelumaksu 8,00\u20ac<br><br>Esteen sattuessa peruuta aikasi viimeist\u00e4\u00e4n edellisen\u00e4 p\u00e4iv\u00e4n\u00e4. Varaamme oikeuden laskuttaa my\u00f6hemmin peruutetuista tai kokonaan peruuttamattomista palveluista.<\/p>\n\n\n\n<figure class=\"wp-block-table is-style-stripes\"><table><thead><tr><th><strong>Yleisimm\u00e4t toimenpiteet<\/strong><\/th><th class=\"has-text-align-right\" data-align=\"right\">Hinta(euro)<\/th><th class=\"has-text-align-right\" data-align=\"right\">Omavastuu<\/th><\/tr><\/thead><tbody><tr><td>Suun tutkimus (SAA02) (Kela-korvaus vain joka toinen vuosi)<\/td><td class=\"has-text-align-right\" data-align=\"right\">72,00 <\/td><td class=\"has-text-align-right\" data-align=\"right\">42,00<\/td><\/tr><tr><td>Hammasr\u00f6ntgen\/kuva<\/td><td class=\"has-text-align-right\" data-align=\"right\">32,00<\/td><td class=\"has-text-align-right\" data-align=\"right\">28,00<\/td><\/tr><tr><td>Hammasr\u00f6ntgen, Bite-Wing\/kuva<\/td><td class=\"has-text-align-right\" data-align=\"right\">27,00<\/td><td class=\"has-text-align-right\" data-align=\"right\">24,00<\/td><\/tr><tr><td>Hampaiston ja leuan panoraamatomografia, koko leuka<\/td><td class=\"has-text-align-right\" data-align=\"right\">119,00<\/td><td class=\"has-text-align-right\" data-align=\"right\">110,00<\/td><\/tr><tr><td>Iensairauksien hoito (SDA03)<\/td><td class=\"has-text-align-right\" data-align=\"right\">114,00 &#8211; 159,00<\/td><td class=\"has-text-align-right\" data-align=\"right\">101,00 -146,00<\/td><\/tr><tr><td>Iensairauksien hoito (SDA05)<\/td><td class=\"has-text-align-right\" data-align=\"right\">231,00 &#8211; 309,00<\/td><td class=\"has-text-align-right\" data-align=\"right\">208,00 &#8211; 286,00<\/td><\/tr><tr><td>Pieni t\u00e4yte (SFA00)<\/td><td class=\"has-text-align-right\" data-align=\"right\">75,00<\/td><td class=\"has-text-align-right\" data-align=\"right\">66,00<\/td><\/tr><tr><td>Yhden pinnan t\u00e4yte (SFA10)<\/td><td class=\"has-text-align-right\" data-align=\"right\">90,00 &#8211; 108,00<\/td><td class=\"has-text-align-right\" data-align=\"right\">80,00 &#8211; 98,00<\/td><\/tr><tr><td>Kahden pinnan t\u00e4yte (SFA20)<\/td><td class=\"has-text-align-right\" data-align=\"right\">168,00 &#8211; 177,00<\/td><td class=\"has-text-align-right\" data-align=\"right\">151,00 &#8211; 160,00<\/td><\/tr><tr><td>Kolmen tai useamman pinnan t\u00e4yte (SFA30)<\/td><td class=\"has-text-align-right\" data-align=\"right\">176,00 &#8211; 189,00<\/td><td class=\"has-text-align-right\" data-align=\"right\">157,00 &#8211; 170,00<\/td><\/tr><tr><td>Puudutus<\/td><td class=\"has-text-align-right\" data-align=\"right\">32,00 &#8211; 36,00<\/td><td class=\"has-text-align-right\" data-align=\"right\">29,00 &#8211; 33<\/td><\/tr><tr><td>Hampaan poisto (EBA00-EBA05)<\/td><td class=\"has-text-align-right\" data-align=\"right\">154,00 &#8211; 277,00<\/td><td class=\"has-text-align-right\" data-align=\"right\">144,00 &#8211; 267,00<\/td><\/tr><tr><td>Hampaan poistoleikkaus (EBA10)<\/td><td class=\"has-text-align-right\" data-align=\"right\">386,00<\/td><td class=\"has-text-align-right\" data-align=\"right\">344,00<\/td><\/tr><tr><td>Hampaan juurikanavien avaus ja laajennus (SGA03)<\/td><td class=\"has-text-align-right\" data-align=\"right\">201,00<\/td><td class=\"has-text-align-right\" data-align=\"right\">188,00<\/td><\/tr><tr><td>Hampaan juurikanavien avaus ja laajennus (SGA05)<\/td><td class=\"has-text-align-right\" data-align=\"right\">309,00<\/td><td class=\"has-text-align-right\" data-align=\"right\">286,00<\/td><\/tr><tr><td>Hampaan juurent\u00e4ytt\u00f6, 1-juurikanavainen hammas (SGB10)<\/td><td class=\"has-text-align-right\" data-align=\"right\">176,00<\/td><td class=\"has-text-align-right\" data-align=\"right\">170,00<\/td><\/tr><tr><td>Hampaan juurent\u00e4ytt\u00f6, 2-juurikanavainen hammas (SGB20)<\/td><td class=\"has-text-align-right\" data-align=\"right\">201,00<\/td><td class=\"has-text-align-right\" data-align=\"right\">188,00<\/td><\/tr><tr><td>Muu vaativa hampaan juurent\u00e4ytt\u00f6 (SGB30)<\/td><td class=\"has-text-align-right\" data-align=\"right\">265,00 &#8211; 287,00<\/td><td class=\"has-text-align-right\" data-align=\"right\">246,00 &#8211; 268,00<\/td><\/tr><tr><td>Purentakiskon valmistus ja suuhun sovitus (SHB00) ei sis.<br>hammaslab. osuus (noin 210e)<\/td><td class=\"has-text-align-right\" data-align=\"right\">371,00<\/td><td class=\"has-text-align-right\" data-align=\"right\">350,00<\/td><\/tr><tr><td><br><strong>Suuhygienistin toimenpiteet<\/strong><\/td><td class=\"has-text-align-right\" data-align=\"right\"><\/td><td class=\"has-text-align-right\" data-align=\"right\"><\/td><\/tr><tr><td>Hammaskiven poisto (sis. tarvittaessa soodapuhdistuksen)*<\/td><td class=\"has-text-align-right\" data-align=\"right\">104,00 &#8211; 176,00<\/td><td class=\"has-text-align-right\" data-align=\"right\">91,00 &#8211; 153,00<\/td><\/tr><tr><td>Soodapuhdistus<\/td><td class=\"has-text-align-right\" data-align=\"right\">alkaen 72,00<\/td><td class=\"has-text-align-right\" data-align=\"right\">alkaen 72,00<\/td><\/tr><tr><td>Vastaanottovalkaisu<\/td><td class=\"has-text-align-right\" data-align=\"right\">364,00<\/td><td class=\"has-text-align-right\" data-align=\"right\">364,00<\/td><\/tr><tr><td>Kotivalkaisu<\/td><td class=\"has-text-align-right\" data-align=\"right\">364,00<\/td><td class=\"has-text-align-right\" data-align=\"right\">364,00<\/td><\/tr><tr><td>Hammaskorun kiinnitys (asiakkaan oma koru)<\/td><td class=\"has-text-align-right\" data-align=\"right\">72,00<\/td><td class=\"has-text-align-right\" data-align=\"right\">72,00<\/td><\/tr><\/tbody><\/table><\/figure>\n","protected":false},"excerpt":{"rendered":"<p>Hinnastossa on esitetty hintoja yleisimmille toimenpiteille ja Kela-korvauksen j\u00e4lkeen potilaalle maksettavaksi j\u00e4\u00e4v\u00e4 omavastuuosuus. Kelan suorakorvauksen saamisen edellytyksen\u00e4 on henkil\u00f6kohtainen oikeus Kela-korvaukseen. Kela-korttia ei tarvitse en\u00e4\u00e4 esitt\u00e4\u00e4, koska tiedot haetaan automaattisesti PALSO-j\u00e4rjestelm\u00e4st\u00e4. Hinnan m\u00e4\u00e4rittelyss\u00e4 otetaan huomioon ty\u00f6n vaativuusaste, potilask\u00e4ynnin tai toimenpiteen kestoaika. Tarkempi kustannusarvio voidaan antaa vain tutkimuksen perusteella. Teemme keraamisia t\u00e4ytteit\u00e4, kruunuja, implanttikruunuja, siltoja sek\u00e4 [&hellip;]<\/p>\n","protected":false},"author":1,"featured_media":0,"parent":0,"menu_order":0,"comment_status":"closed","ping_status":"closed","template":"","meta":{"footnotes":""},"class_list":["post-585","page","type-page","status-publish","hentry","post"],"_links":{"self":[{"href":"https:\/\/adente.fi\/index.php?rest_route=\/wp\/v2\/pages\/585","targetHints":{"allow":["GET"]}}],"collection":[{"href":"https:\/\/adente.fi\/index.php?rest_route=\/wp\/v2\/pages"}],"about":[{"href":"https:\/\/adente.fi\/index.php?rest_route=\/wp\/v2\/types\/page"}],"author":[{"embeddable":true,"href":"https:\/\/adente.fi\/index.php?rest_route=\/wp\/v2\/users\/1"}],"replies":[{"embeddable":true,"href":"https:\/\/adente.fi\/index.php?rest_route=%2Fwp%2Fv2%2Fcomments&post=585"}],"version-history":[{"count":13,"href":"https:\/\/adente.fi\/index.php?rest_route=\/wp\/v2\/pages\/585\/revisions"}],"predecessor-version":[{"id":634,"href":"https:\/\/adente.fi\/index.php?rest_route=\/wp\/v2\/pages\/585\/revisions\/634"}],"wp:attachment":[{"href":"https:\/\/adente.fi\/index.php?rest_route=%2Fwp%2Fv2%2Fmedia&parent=585"}],"curies":[{"name":"wp","href":"https:\/\/api.w.org\/{rel}","templated":true}]}}