{"id":9,"date":"2024-11-18T18:36:53","date_gmt":"2024-11-18T18:36:53","guid":{"rendered":"https:\/\/adente.fi\/?page_id=9"},"modified":"2026-01-19T11:05:00","modified_gmt":"2026-01-19T11:05:00","slug":"boka-tid","status":"publish","type":"page","link":"https:\/\/adente.fi\/?page_id=9&lang=sv","title":{"rendered":"Boka tid"},"content":{"rendered":"\n<p class=\"has-text-color has-link-color has-large-font-size wp-elements-e1448523609917cb5760d183bf429488\" style=\"color:#cc2269\">Boka tid<\/p>\n\n\n\n<p class=\"has-text-color has-link-color has-medium-font-size wp-elements-12b059f90bc28e6fe0d905ccc8ff6d63\" style=\"color:#cc2269\">Telefon: 06-312 4200<\/p>\n\n\n\n<p class=\"has-text-color has-link-color has-medium-font-size wp-elements-4d1d2fed3a193840aeedf9fe01ca1606\" style=\"color:#cc2269\">E-post: info@adente.fi<\/p>\n\n\n\n<div class=\"wp-block-buttons is-layout-flex wp-block-buttons-is-layout-flex\">\n<div class=\"wp-block-button\"><a class=\"wp-block-button__link has-white-color has-text-color has-background has-link-color wp-element-button\" href=\"https:\/\/booking.assiscare.com\/adente\/appointment\" style=\"border-radius:5px;background-color:#cc2269\">N\u00c4TBOKNING<\/a><\/div>\n<\/div>\n\n\n\n<p><br><strong><em><strong>Om du har symptom p\u00e5 luftv\u00e4gsinfektion, s\u00e5som hosta, halsont, feber osv, ber vi v\u00e4nligen er att flytta fram inbokad tid!<\/strong><\/em><\/strong><\/p>\n\n\n\n<p>Normalt har vi \u00f6ppet under vardagar, m\u00e5ndag &#8211; torsdag 8-16, fredag 8-13. <br>Tisdagar kv\u00e4llsmottagning till 19.30.<\/p>\n\n\n\n<p><em>Tid, som ej avbokats ett dygn f\u00f6re, debiteras!<\/em><\/p>\n\n\n\n<p><\/p>\n\n\n\n<p><\/p>\n","protected":false},"excerpt":{"rendered":"<p>Boka tid Telefon: 06-312 4200 E-post: info@adente.fi Om du har symptom p\u00e5 luftv\u00e4gsinfektion, s\u00e5som hosta, halsont, feber osv, ber vi v\u00e4nligen er att flytta fram inbokad tid! Normalt har vi \u00f6ppet under vardagar, m\u00e5ndag &#8211; torsdag 8-16, fredag 8-13. Tisdagar kv\u00e4llsmottagning till 19.30. Tid, som ej avbokats ett dygn f\u00f6re, debiteras!<\/p>\n","protected":false},"author":1,"featured_media":0,"parent":0,"menu_order":0,"comment_status":"closed","ping_status":"closed","template":"","meta":{"footnotes":""},"class_list":["post-9","page","type-page","status-publish","hentry","post"],"_links":{"self":[{"href":"https:\/\/adente.fi\/index.php?rest_route=\/wp\/v2\/pages\/9","targetHints":{"allow":["GET"]}}],"collection":[{"href":"https:\/\/adente.fi\/index.php?rest_route=\/wp\/v2\/pages"}],"about":[{"href":"https:\/\/adente.fi\/index.php?rest_route=\/wp\/v2\/types\/page"}],"author":[{"embeddable":true,"href":"https:\/\/adente.fi\/index.php?rest_route=\/wp\/v2\/users\/1"}],"replies":[{"embeddable":true,"href":"https:\/\/adente.fi\/index.php?rest_route=%2Fwp%2Fv2%2Fcomments&post=9"}],"version-history":[{"count":16,"href":"https:\/\/adente.fi\/index.php?rest_route=\/wp\/v2\/pages\/9\/revisions"}],"predecessor-version":[{"id":650,"href":"https:\/\/adente.fi\/index.php?rest_route=\/wp\/v2\/pages\/9\/revisions\/650"}],"wp:attachment":[{"href":"https:\/\/adente.fi\/index.php?rest_route=%2Fwp%2Fv2%2Fmedia&parent=9"}],"curies":[{"name":"wp","href":"https:\/\/api.w.org\/{rel}","templated":true}]}}